{"id":689,"date":"2020-05-29T19:59:06","date_gmt":"2020-05-29T19:59:06","guid":{"rendered":"https:\/\/multidimension.fr\/travel-and-tourisam\/"},"modified":"2026-02-15T23:12:09","modified_gmt":"2026-02-15T23:12:09","slug":"travel-and-tourisam","status":"publish","type":"page","link":"https:\/\/multidimension.fr\/fr\/travel-and-tourisam\/","title":{"rendered":"Travel and Tourisam"},"content":{"rendered":"<p>[et_pb_section fb_built=\u00a0\u00bb1&Prime; _builder_version=\u00a0\u00bb4.17.6&Prime; background_color=\u00a0\u00bb#f4f4f4&Prime; custom_padding=\u00a0\u00bb||3px|||\u00a0\u00bb top_divider_color=\u00a0\u00bb#f2f2f2&Prime; top_divider_height=\u00a0\u00bb435px\u00a0\u00bb global_colors_info=\u00a0\u00bb{}\u00a0\u00bb][et_pb_row column_structure=\u00a0\u00bb1_4,1_2,1_4&Prime; _builder_version=\u00a0\u00bb4.17.6&Prime; custom_margin_tablet=\u00a0\u00bb\u00a0\u00bb custom_margin_phone=\u00a0\u00bb-49px||-49px||true|false\u00a0\u00bb custom_margin_last_edited=\u00a0\u00bbon|phone\u00a0\u00bb custom_padding=\u00a0\u00bb||0px|||\u00a0\u00bb global_colors_info=\u00a0\u00bb{}\u00a0\u00bb][et_pb_column type=\u00a0\u00bb1_4&Prime; _builder_version=\u00a0\u00bb4.16&Prime; global_colors_info=\u00a0\u00bb{}\u00a0\u00bb][et_pb_image src=\u00a0\u00bbhttps:\/\/multidimension.fr\/wp-content\/uploads\/2022\/07\/FOODCULTURE-Hi-Res-SS2-FINAL-2.jpg\u00a0\u00bb title_text=\u00a0\u00bbFOOD&#038;CULTURE-Hi-Res SS2 FINAL\u00a0\u00bb show_bottom_space=\u00a0\u00bboff\u00a0\u00bb align_tablet=\u00a0\u00bb\u00a0\u00bb align_phone=\u00a0\u00bbcenter\u00a0\u00bb align_last_edited=\u00a0\u00bbon|phone\u00a0\u00bb _builder_version=\u00a0\u00bb4.17.6&Prime; custom_padding=\u00a0\u00bb|17px||||\u00a0\u00bb global_colors_info=\u00a0\u00bb{}\u00a0\u00bb][\/et_pb_image][\/et_pb_column][et_pb_column type=\u00a0\u00bb1_2&Prime; _builder_version=\u00a0\u00bb4.16&Prime; global_colors_info=\u00a0\u00bb{}\u00a0\u00bb][et_pb_text _builder_version=\u00a0\u00bb4.17.6&Prime; header_2_font=\u00a0\u00bb|600|||||||\u00a0\u00bb header_2_text_align=\u00a0\u00bbcenter\u00a0\u00bb header_2_text_color=\u00a0\u00bb#000000&Prime; header_2_font_size=\u00a0\u00bb32px\u00a0\u00bb header_3_font=\u00a0\u00bb|600|||||||\u00a0\u00bb header_3_text_align=\u00a0\u00bbcenter\u00a0\u00bb header_3_text_color=\u00a0\u00bb#20969e\u00a0\u00bb header_3_font_size=\u00a0\u00bb29px\u00a0\u00bb custom_margin=\u00a0\u00bb28px|-30px||-29px||\u00a0\u00bb custom_margin_tablet=\u00a0\u00bb|-30px||-29px||\u00a0\u00bb custom_margin_phone=\u00a0\u00bb-12px|-30px|-12px|-29px|true|false\u00a0\u00bb custom_margin_last_edited=\u00a0\u00bbon|phone\u00a0\u00bb custom_padding=\u00a0\u00bb|0px||||\u00a0\u00bb header_2_font_size_tablet=\u00a0\u00bb33px\u00a0\u00bb header_2_font_size_phone=\u00a0\u00bb23px\u00a0\u00bb header_2_font_size_last_edited=\u00a0\u00bbon|phone\u00a0\u00bb header_3_font_size_tablet=\u00a0\u00bb30px\u00a0\u00bb header_3_font_size_phone=\u00a0\u00bb23px\u00a0\u00bb header_3_font_size_last_edited=\u00a0\u00bbon|phone\u00a0\u00bb global_colors_info=\u00a0\u00bb{}\u00a0\u00bb]<\/p>\n<h2>CUISINE &amp; CULTURE<\/h2>\n<h3>VOYAGE \u00c0 D\u00c9COUVRIR<\/h3>\n<p>[\/et_pb_text][\/et_pb_column][et_pb_column type=\u00a0\u00bb1_4&Prime; _builder_version=\u00a0\u00bb4.16&Prime; global_colors_info=\u00a0\u00bb{}\u00a0\u00bb][et_pb_image src=\u00a0\u00bbhttps:\/\/multidimension.fr\/wp-content\/uploads\/2022\/07\/katamkera-2.jpg\u00a0\u00bb title_text=\u00a0\u00bbkatamkera\u00a0\u00bb align=\u00a0\u00bbright\u00a0\u00bb align_tablet=\u00a0\u00bbright\u00a0\u00bb align_phone=\u00a0\u00bbcenter\u00a0\u00bb align_last_edited=\u00a0\u00bbon|phone\u00a0\u00bb _builder_version=\u00a0\u00bb4.17.6&Prime; custom_margin=\u00a0\u00bb-9px||28px|||\u00a0\u00bb global_colors_info=\u00a0\u00bb{}\u00a0\u00bb][\/et_pb_image][\/et_pb_column][\/et_pb_row][et_pb_row _builder_version=\u00a0\u00bb4.16&Prime; custom_padding=\u00a0\u00bb2px|||||\u00a0\u00bb global_colors_info=\u00a0\u00bb{}\u00a0\u00bb][et_pb_column type=\u00a0\u00bb4_4&Prime; _builder_version=\u00a0\u00bb4.16&Prime; global_colors_info=\u00a0\u00bb{}\u00a0\u00bb][et_pb_text _builder_version=\u00a0\u00bb4.17.6&Prime; text_font_size=\u00a0\u00bb16px\u00a0\u00bb text_line_height=\u00a0\u00bb2em\u00a0\u00bb text_orientation_tablet=\u00a0\u00bb\u00a0\u00bb text_orientation_phone=\u00a0\u00bbjustified\u00a0\u00bb text_orientation_last_edited=\u00a0\u00bbon|phone\u00a0\u00bb global_colors_info=\u00a0\u00bb{}\u00a0\u00bb]Katamkera est une agence de voyage bas\u00e9e en France et engag\u00e9e dans les voyages \u00e9quitables et solidaires proposant des circuits personnalis\u00e9s en petits groupes en France et en Inde.<\/p>\n<p>L\u2019association entre Multidimension et Katamkera a pour but de partager une vision commune en explorant les liens culturels entre les deux pays et les villes de Paris &#038; Kolkata (anciennement Calcutta). Les deux contr\u00e9es ont trac\u00e9 le cours de leur histoire \u00e0 travers des cultures et des traditions riches et la cuisine en fait partie int\u00e9grante.<br \/>\nNous vous promettons une d\u00e9licieuse exp\u00e9rience gastronomique tout en explorant de nouveaux lieux.<\/p>\n<p>Katamkera &#038; Multidimension ont leurs bureaux affili\u00e9s dans les deux pays et une exp\u00e9rience authentique de terrain.<\/p>\n<p>Nous sommes engag\u00e9s dans un processus dynamique d&rsquo;assimilation multiculturelle en travaillant avec des tours leaders et des artistes v\u00e9ritablement int\u00e9gr\u00e9s et partageant leur savoir entre les deux pays.<\/p>\n<p><a href=\"https:\/\/www.katamkera-voyages.com\/\" target=\"blank\" rel=\"noopener\">www.katamkera-voyages.com<\/a>[\/et_pb_text][\/et_pb_column][\/et_pb_row][\/et_pb_section][et_pb_section fb_built=\u00a0\u00bb1&Prime; _builder_version=\u00a0\u00bb4.17.6&Prime; _module_preset=\u00a0\u00bbdefault\u00a0\u00bb background_enable_pattern_style=\u00a0\u00bbon\u00a0\u00bb background_pattern_style=\u00a0\u00bbsquares\u00a0\u00bb custom_padding=\u00a0\u00bb20px||12px|||\u00a0\u00bb global_colors_info=\u00a0\u00bb{}\u00a0\u00bb][et_pb_row _builder_version=\u00a0\u00bb4.17.6&Prime; _module_preset=\u00a0\u00bbdefault\u00a0\u00bb custom_padding=\u00a0\u00bb0px|||||\u00a0\u00bb global_colors_info=\u00a0\u00bb{}\u00a0\u00bb][et_pb_column type=\u00a0\u00bb4_4&Prime; _builder_version=\u00a0\u00bb4.17.6&Prime; _module_preset=\u00a0\u00bbdefault\u00a0\u00bb global_colors_info=\u00a0\u00bb{}\u00a0\u00bb][et_pb_text content_tablet=\u00a0\u00bb<\/p>\n<p><center><iframe width=%22860%22 height=%22415%22 src=%22https:\/\/www.youtube.com\/embed\/qH0IizPugZg%22 title=%22YouTube video player%22 frameborder=%220%22 allow=%22accelerometer; autoplay; clipboard-write; encrypted-media; gyroscope; picture-in-picture%22 allowfullscreen=%22%22><\/iframe><\/center><\/p>\n<p>\u00a0\u00bb content_phone=\u00a0\u00bb<center><iframe width=%22315%22 height=%22260%22 src=%22https:\/\/www.youtube.com\/embed\/qH0IizPugZg%22 title=%22YouTube video player%22 frameborder=%220%22 allow=%22accelerometer; autoplay; clipboard-write; encrypted-media; gyroscope; picture-in-picture%22 allowfullscreen=%22%22><\/iframe><\/center>\u00a0\u00bb content_last_edited=\u00a0\u00bbon|phone\u00a0\u00bb _builder_version=\u00a0\u00bb4.17.6&Prime; _module_preset=\u00a0\u00bbdefault\u00a0\u00bb global_colors_info=\u00a0\u00bb{}\u00a0\u00bb]<\/p>\n<p><center><iframe loading=\"lazy\" width=\"860\" height=\"415\" src=\"https:\/\/www.youtube.com\/embed\/qH0IizPugZg\" title=\"YouTube video player\" frameborder=\"0\" allow=\"accelerometer; autoplay; clipboard-write; encrypted-media; gyroscope; picture-in-picture\" allowfullscreen=\"\"><\/iframe><\/center><\/p>\n<p>[\/et_pb_text][\/et_pb_column][\/et_pb_row][\/et_pb_section][et_pb_section fb_built=\u00a0\u00bb1&Prime; _builder_version=\u00a0\u00bb4.17.6&Prime; _module_preset=\u00a0\u00bbdefault\u00a0\u00bb background_enable_mask_style=\u00a0\u00bbon\u00a0\u00bb background_mask_color=\u00a0\u00bbrgba(23,183,151,0.07)\u00a0\u00bb global_colors_info=\u00a0\u00bb{}\u00a0\u00bb][et_pb_row _builder_version=\u00a0\u00bb4.17.6&Prime; _module_preset=\u00a0\u00bbdefault\u00a0\u00bb custom_margin_tablet=\u00a0\u00bb\u00a0\u00bb custom_margin_phone=\u00a0\u00bb-45px||-45px||true|false\u00a0\u00bb custom_margin_last_edited=\u00a0\u00bbon|phone\u00a0\u00bb custom_padding=\u00a0\u00bb27px|||||\u00a0\u00bb global_colors_info=\u00a0\u00bb{}\u00a0\u00bb][et_pb_column type=\u00a0\u00bb4_4&Prime; _builder_version=\u00a0\u00bb4.17.6&Prime; _module_preset=\u00a0\u00bbdefault\u00a0\u00bb global_colors_info=\u00a0\u00bb{}\u00a0\u00bb][et_pb_text _builder_version=\u00a0\u00bb4.27.5&Prime; header_2_font=\u00a0\u00bb|700|||||||\u00a0\u00bb header_2_text_align=\u00a0\u00bbcenter\u00a0\u00bb header_2_text_color=\u00a0\u00bb#000000&Prime; header_2_font_size=\u00a0\u00bb28px\u00a0\u00bb header_3_font=\u00a0\u00bb|700||on|||||\u00a0\u00bb header_3_text_align=\u00a0\u00bbcenter\u00a0\u00bb header_3_text_color=\u00a0\u00bb#20969e\u00a0\u00bb header_3_font_size=\u00a0\u00bb27px\u00a0\u00bb header_4_font=\u00a0\u00bb|600|||||||\u00a0\u00bb header_4_text_align=\u00a0\u00bbcenter\u00a0\u00bb header_4_font_size=\u00a0\u00bb19px\u00a0\u00bb header_4_line_height=\u00a0\u00bb1.2em\u00a0\u00bb hover_enabled=\u00a0\u00bb0&Prime; header_2_font_size_tablet=\u00a0\u00bb28px\u00a0\u00bb header_2_font_size_phone=\u00a0\u00bb21px\u00a0\u00bb header_2_font_size_last_edited=\u00a0\u00bbon|phone\u00a0\u00bb header_3_font_size_tablet=\u00a0\u00bb27px\u00a0\u00bb header_3_font_size_phone=\u00a0\u00bb21px\u00a0\u00bb header_3_font_size_last_edited=\u00a0\u00bbon|phone\u00a0\u00bb header_4_font_size_tablet=\u00a0\u00bb19px\u00a0\u00bb header_4_font_size_phone=\u00a0\u00bb15px\u00a0\u00bb header_4_font_size_last_edited=\u00a0\u00bbon|phone\u00a0\u00bb header_4_line_height_tablet=\u00a0\u00bb1.2em\u00a0\u00bb header_4_line_height_phone=\u00a0\u00bb1.1em\u00a0\u00bb header_4_line_height_last_edited=\u00a0\u00bbon|phone\u00a0\u00bb global_colors_info=\u00a0\u00bb{}\u00a0\u00bb sticky_enabled=\u00a0\u00bb0&Prime;]<\/p>\n<h2>D\u00c9COUVREZ UNE AUTRE FRANCE<\/h2>\n<h3>pendant 10 jours<\/h3>\n<h4>Mai et Juin 2026<\/h4>\n<p>[\/et_pb_text][et_pb_text _builder_version=\u00a0\u00bb4.17.6&Prime; _module_preset=\u00a0\u00bbdefault\u00a0\u00bb text_font_size=\u00a0\u00bb16px\u00a0\u00bb text_line_height=\u00a0\u00bb2em\u00a0\u00bb header_2_font=\u00a0\u00bb|700|||||||\u00a0\u00bb custom_margin_tablet=\u00a0\u00bb\u00a0\u00bb custom_margin_phone=\u00a0\u00bb-17px||-17px||true|false\u00a0\u00bb custom_margin_last_edited=\u00a0\u00bbon|phone\u00a0\u00bb text_font_size_tablet=\u00a0\u00bb16px\u00a0\u00bb text_font_size_phone=\u00a0\u00bb16px\u00a0\u00bb text_font_size_last_edited=\u00a0\u00bbon|phone\u00a0\u00bb header_2_font_size_tablet=\u00a0\u00bb\u00a0\u00bb header_2_font_size_phone=\u00a0\u00bb23px\u00a0\u00bb header_2_font_size_last_edited=\u00a0\u00bbon|phone\u00a0\u00bb text_orientation_tablet=\u00a0\u00bb\u00a0\u00bb text_orientation_phone=\u00a0\u00bbjustified\u00a0\u00bb text_orientation_last_edited=\u00a0\u00bbon|phone\u00a0\u00bb global_colors_info=\u00a0\u00bb{}\u00a0\u00bb]<\/p>\n<h2>Sommaire et concept de nos circuits<\/h2>\n<p>Tous nos voyages commencent par une excursion gastronomique et culturelle \u00e0 Paris pendant deux jours et deux nuits, puis vous explorez pendant les six jours suivants une des r\u00e9gions de France ayant une identit\u00e9 particuli\u00e8re comme :<\/p>\n<p>&#8211; Paris &#038; la Corse, l\u2019\u00eele de Beaut\u00e9 sur la mer M\u00e9diterran\u00e9e.<br \/>\nou<br \/>\n&#8211; Paris &#038; les ch\u00e2teaux de la Loire &#038; la Venise des Alpes \u00e0 la fronti\u00e8re Suisse.<br \/>\nRetour \u00e0 Paris pour passer la derni\u00e8re soir\u00e9e et prendre l&rsquo;avion pour l&rsquo;Inde le lendemain matin.[\/et_pb_text][\/et_pb_column][\/et_pb_row][et_pb_row _builder_version=\u00a0\u00bb4.17.6&Prime; _module_preset=\u00a0\u00bbdefault\u00a0\u00bb custom_margin=\u00a0\u00bb1px|auto||auto||\u00a0\u00bb custom_padding=\u00a0\u00bb7px|||||\u00a0\u00bb global_colors_info=\u00a0\u00bb{}\u00a0\u00bb][et_pb_column type=\u00a0\u00bb4_4&Prime; _builder_version=\u00a0\u00bb4.17.6&Prime; _module_preset=\u00a0\u00bbdefault\u00a0\u00bb global_colors_info=\u00a0\u00bb{}\u00a0\u00bb][et_pb_text content_tablet=\u00a0\u00bb<\/p>\n<p><center><iframe width=%22860%22 height=%22415%22 src=%22https:\/\/www.youtube.com\/embed\/iD-K5jE4Q6E%22 title=%22YouTube video player%22 frameborder=%220%22 allow=%22accelerometer; autoplay; clipboard-write; encrypted-media; gyroscope; picture-in-picture%22 allowfullscreen=%22%22><\/iframe><\/center><\/p>\n<p>\u00a0\u00bb content_phone=\u00a0\u00bb<center><iframe width=%22480%22 height=%22215%22 src=%22https:\/\/www.youtube.com\/embed\/iD-K5jE4Q6E%22 title=%22YouTube video player%22 frameborder=%220%22 allow=%22accelerometer; autoplay; clipboard-write; encrypted-media; gyroscope; picture-in-picture%22 allowfullscreen=%22%22><\/iframe><\/center>\u00a0\u00bb content_last_edited=\u00a0\u00bbon|phone\u00a0\u00bb _builder_version=\u00a0\u00bb4.17.6&Prime; _module_preset=\u00a0\u00bbdefault\u00a0\u00bb global_colors_info=\u00a0\u00bb{}\u00a0\u00bb]<\/p>\n<p><center><iframe loading=\"lazy\" width=\"860\" height=\"415\" src=\"https:\/\/www.youtube.com\/embed\/iD-K5jE4Q6E\" title=\"YouTube video player\" frameborder=\"0\" allow=\"accelerometer; autoplay; clipboard-write; encrypted-media; gyroscope; picture-in-picture\" allowfullscreen=\"\"><\/iframe><\/center><\/p>\n<p>[\/et_pb_text][\/et_pb_column][\/et_pb_row][\/et_pb_section]<\/p>\n","protected":false},"excerpt":{"rendered":"<p>CUISINE &amp; CULTURE VOYAGE \u00c0 D\u00c9COUVRIRKatamkera est une agence de voyage bas\u00e9e en France et engag\u00e9e dans les voyages \u00e9quitables et solidaires proposant des circuits personnalis\u00e9s en petits groupes en France et en Inde. L\u2019association entre Multidimension et Katamkera a pour but de partager une vision commune en explorant les liens culturels entre les deux [&hellip;]<\/p>\n","protected":false},"author":1,"featured_media":0,"parent":0,"menu_order":0,"comment_status":"closed","ping_status":"closed","template":"","meta":{"_et_pb_use_builder":"on","_et_pb_old_content":"","_et_gb_content_width":""},"_links":{"self":[{"href":"https:\/\/multidimension.fr\/fr\/wp-json\/wp\/v2\/pages\/689"}],"collection":[{"href":"https:\/\/multidimension.fr\/fr\/wp-json\/wp\/v2\/pages"}],"about":[{"href":"https:\/\/multidimension.fr\/fr\/wp-json\/wp\/v2\/types\/page"}],"author":[{"embeddable":true,"href":"https:\/\/multidimension.fr\/fr\/wp-json\/wp\/v2\/users\/1"}],"replies":[{"embeddable":true,"href":"https:\/\/multidimension.fr\/fr\/wp-json\/wp\/v2\/comments?post=689"}],"version-history":[{"count":11,"href":"https:\/\/multidimension.fr\/fr\/wp-json\/wp\/v2\/pages\/689\/revisions"}],"predecessor-version":[{"id":1264,"href":"https:\/\/multidimension.fr\/fr\/wp-json\/wp\/v2\/pages\/689\/revisions\/1264"}],"wp:attachment":[{"href":"https:\/\/multidimension.fr\/fr\/wp-json\/wp\/v2\/media?parent=689"}],"curies":[{"name":"wp","href":"https:\/\/api.w.org\/{rel}","templated":true}]}}