{"id":677,"date":"2020-05-29T12:40:52","date_gmt":"2020-05-29T12:40:52","guid":{"rendered":"https:\/\/multidimension.fr\/privacy-policy\/"},"modified":"2022-08-03T13:16:22","modified_gmt":"2022-08-03T13:16:22","slug":"politique-de-confidentialite","status":"publish","type":"page","link":"https:\/\/multidimension.fr\/fr\/politique-de-confidentialite\/","title":{"rendered":"Politique de confidentialit\u00e9"},"content":{"rendered":"<p>[et_pb_section fb_built=\u00a0\u00bb1&Prime; admin_label=\u00a0\u00bbsection\u00a0\u00bb _builder_version=\u00a0\u00bb4.16&Prime; global_colors_info=\u00a0\u00bb{}\u00a0\u00bb custom_padding=\u00a0\u00bb13px|||||\u00a0\u00bb][et_pb_row admin_label=\u00a0\u00bbrow\u00a0\u00bb _builder_version=\u00a0\u00bb4.16&Prime; background_size=\u00a0\u00bbinitial\u00a0\u00bb background_position=\u00a0\u00bbtop_left\u00a0\u00bb background_repeat=\u00a0\u00bbrepeat\u00a0\u00bb global_colors_info=\u00a0\u00bb{}\u00a0\u00bb][et_pb_column type=\u00a0\u00bb4_4&Prime; _builder_version=\u00a0\u00bb4.16&Prime; custom_padding=\u00a0\u00bb|||\u00a0\u00bb global_colors_info=\u00a0\u00bb{}\u00a0\u00bb custom_padding__hover=\u00a0\u00bb|||\u00a0\u00bb][et_pb_text admin_label=\u00a0\u00bbText\u00a0\u00bb _builder_version=\u00a0\u00bb4.17.6&Prime; background_size=\u00a0\u00bbinitial\u00a0\u00bb background_position=\u00a0\u00bbtop_left\u00a0\u00bb background_repeat=\u00a0\u00bbrepeat\u00a0\u00bb hover_enabled=\u00a0\u00bb0&Prime; global_colors_info=\u00a0\u00bb{}\u00a0\u00bb sticky_enabled=\u00a0\u00bb0&Prime;]<\/p>\n<h1 style=\"text-align: center; font-weight: bold;\">Politique de confidentialit\u00e9<\/h1>\n<p>\u00a0A propos de la politique de confidentialit\u00e9 de \u00ab\u00a0multidimension.fr\u00a0\u00bb et de tous ses sites jumeaux li\u00e9s au r\u00e9seau Multidimension :<br \/><a href=\"https:\/\/multidimensionmagazine.com\/\" target=\"_blank\" rel=\"noopener noreferrer\">multidimensionmagazine.com<\/a><br \/><a href=\"https:\/\/multidimensionparis.com\/\" target=\"_blank\" rel=\"noopener noreferrer\">multidimensionparis.com<\/a><br \/><a href=\"https:\/\/multidimension.co\/\" target=\"_blank\" rel=\"noopener noreferrer\">multidimension.co<\/a><br \/><a href=\"https:\/\/multia2z.com\/\" target=\"_blank\" rel=\"noopener noreferrer\">multia2z.com<\/a><br \/><a href=\"https:\/\/yupjobs.net\/\" target=\"_blank\" rel=\"noopener noreferrer\">yupjobs.net<\/a><br \/><a href=\"https:\/\/multibutic.com\/\" target=\"_blank\" rel=\"noopener noreferrer\">multibutic.com<\/a><\/p>\n<p>Le lien web <a href=\" https:\/\/multidimension.fr\">multidimensionparis.com<\/a>\u00a0 d\u00e9crit comment \u00ab\u00a0Multidimension\u00a0\u00bb, \u00ab\u00a0Nous\u00a0\u00bb ou \u00ab\u00a0Site\u00a0\u00bb ou \u00ab\u00a0Site Web\u00a0\u00bb, le propri\u00e9taire et l&rsquo;exploitant du site web <a href=\" https:\/\/multidimension.fr\">multidimensionparis.com<\/a>\u00a0utilise et prot\u00e8ge les \u00ab\u00a0donn\u00e9es personnelles\u00a0\u00bb que vous fournissez lorsque vous l\u2019utilisez.<\/p>\n<p>Veuillez lire attentivement notre politique de confidentialit\u00e9 afin de comprendre comment nous collectons, utilisons, prot\u00e9geons ou traitons vos donn\u00e9es personnelles afin de vous offrir le meilleur service en ligne.<\/p>\n<p>Nous pouvons modifier notre politique de confidentialit\u00e9 en mettant \u00e0 jour cette page. Vous devez consulter cette page de temps en temps pour vous assurer que vous \u00eates d&rsquo;accord avec les modifications apport\u00e9es \u00e0 notre politique de confidentialit\u00e9 ainsi qu&rsquo;aux droits r\u00e9serv\u00e9s.<\/p>\n<p>Cette politique de confidentialit\u00e9 a \u00e9t\u00e9 compil\u00e9e pour mieux servir ceux qui s&rsquo;inqui\u00e8tent de la fa\u00e7on dont leurs \u00a0\u00bb informations personnelles identifiables \u00a0\u00bb (IPI) et sont utilis\u00e9es en ligne. Les IIP, telles qu&rsquo;elles sont d\u00e9crites dans la r\u00e9forme de 2018 sur les r\u00e8gles de protection des donn\u00e9es de l&rsquo;UE et dans le document intitul\u00e9 \u00ab\u00a0Protection des donn\u00e9es pour les PME\u00a0\u00bb, ainsi que dans la l\u00e9gislation am\u00e9ricaine sur la protection de la vie priv\u00e9e et la s\u00e9curit\u00e9 de l&rsquo;information, sont des informations qui peuvent \u00eatre utilis\u00e9es seules ou avec d&rsquo;autres informations pour identifier, contacter ou localiser une seule personne, ou pour identifier une personne dans son contexte.<br \/>Veuillez lire attentivement notre politique de confidentialit\u00e9 pour bien comprendre comment nous recueillons, utilisons, prot\u00e9geons ou traitons vos informations personnellement identifiables conform\u00e9ment \u00e0 notre site Web.<br \/>Quelles informations personnelles recueillons-nous aupr\u00e8s des personnes qui visitent notre blog, notre site Web ou notre application ?<br \/>Lors de la commande ou de l&rsquo;inscription sur notre site, selon le cas, il peut vous \u00eatre demand\u00e9 de saisir votre nom, votre adresse \u00e9lectronique, votre adresse postale, votre num\u00e9ro de t\u00e9l\u00e9phone, vos informations de carte de cr\u00e9dit, votre num\u00e9ro de s\u00e9curit\u00e9 sociale (le cas \u00e9ch\u00e9ant) ou d&rsquo;autres d\u00e9tails pour vous aider dans votre d\u00e9marche.<\/p>\n<h2>Quand recueillons-nous des informations ?<\/h2>\n<p>Nous recueillons des informations lorsque vous vous inscrivez sur notre site, passez une commande, vous vous abonnez \u00e0 une lettre d&rsquo;information, vous r\u00e9pondez \u00e0 une enqu\u00eate, vous remplissez un formulaire, vous utilisez le Live Chat, vous faites la demande d\u2019un ticket d&rsquo;assistance ou saisissez des informations sur notre site.<br \/>Quand vous nous faites part de vos commentaires sur nos produits ou services.<\/p>\n<h2>Comment utilisons-nous vos informations ?<\/h2>\n<p>Nous pouvons utiliser les informations que nous recueillons aupr\u00e8s de vous lorsque vous vous inscrivez, effectuez un achat, vous vous inscrivez \u00e0 notre bulletin d&rsquo;information, r\u00e9pondez \u00e0 une enqu\u00eate ou \u00e0 une communication marketing, surfez sur le site Web ou utilisez certaines autres fonctionnalit\u00e9s du site de la mani\u00e8re suivante :<br \/>&#8211; Pour personnaliser votre exp\u00e9rience et nous permettre de vous proposer le type de contenu et les offres de produits qui vous int\u00e9ressent le plus.<br \/>&#8211; Pour am\u00e9liorer notre site web afin de mieux vous servir.<br \/>&#8211; Pour nous permettre de mieux vous servir en r\u00e9pondant \u00e0 vos demandes de service client\u00e8le.<br \/>&#8211; Pour g\u00e9rer un concours, une promotion, une enqu\u00eate ou toute autre fonctionnalit\u00e9 du site.<br \/>&#8211; Pour traiter rapidement vos transactions.<br \/>&#8211; Pour demander des \u00e9valuations et des critiques de services ou de produits.<br \/>&#8211; Pour assurer le suivi de la correspondance (chat en direct, courriel ou demandes t\u00e9l\u00e9phoniques).<\/p>\n<h2>Comment prot\u00e9geons-nous vos informations ?<\/h2>\n<p>Nous n&rsquo;utilisons pas d&rsquo;analyse de vuln\u00e9rabilit\u00e9 et\/ou de balayage selon les normes PCI.<br \/>Nous ne fournissons que des articles et des informations.<br \/>Nous ne demandons jamais de num\u00e9ros de carte de cr\u00e9dit.<br \/>Nous utilisons r\u00e9guli\u00e8rement des scanners de logiciels malveillants.<br \/>Vos informations personnelles sont contenues derri\u00e8re des r\u00e9seaux s\u00e9curis\u00e9s et ne sont accessibles qu&rsquo;\u00e0 un nombre limit\u00e9 de personnes qui ont des droits d&rsquo;acc\u00e8s sp\u00e9ciaux \u00e0 ces syst\u00e8mes, et sont tenues de garder ces informations confidentielles.<br \/>En outre, toutes les informations sensibles\/de cr\u00e9dit que vous fournissez sont crypt\u00e9es via la technologie Secure Socket Layer (SSL).<br \/>Nous mettons en \u0153uvre diverses mesures de s\u00e9curit\u00e9 lorsqu&rsquo;un utilisateur passe une commande, saisit, soumet ou acc\u00e8de \u00e0 ses informations afin de pr\u00e9server la s\u00e9curit\u00e9 de vos informations personnelles.<br \/>Toutes les transactions sont trait\u00e9es par un fournisseur de passerelle et ne sont pas stock\u00e9es ou trait\u00e9es sur nos serveurs.<\/p>\n<h2>Utilisons-nous des \u00ab\u00a0cookies\u00a0\u00bb ?<\/h2>\n<p>Oui. Les cookies sont de petits fichiers qu&rsquo;un site ou son fournisseur de services transf\u00e8re sur le disque dur de votre ordinateur par le biais de votre navigateur Web (si vous l&rsquo;autorisez) et qui permettent aux syst\u00e8mes du site ou du fournisseur de services de reconna\u00eetre votre navigateur et de saisir et m\u00e9moriser certaines informations. Par exemple, nous utilisons des cookies pour nous aider \u00e0 nous souvenir et \u00e0 traiter les articles de votre panier. Ils sont \u00e9galement utilis\u00e9s pour nous aider \u00e0 comprendre vos pr\u00e9f\u00e9rences en fonction de votre activit\u00e9 pr\u00e9c\u00e9dente ou actuelle sur le site, ce qui nous permet de vous fournir des services am\u00e9lior\u00e9s. Nous utilisons \u00e9galement des cookies pour nous aider \u00e0 compiler des donn\u00e9es globales sur le trafic et l&rsquo;interaction sur le site afin de pouvoir offrir de meilleures exp\u00e9riences et de meilleurs outils sur le site \u00e0 l&rsquo;avenir.<\/p>\n<h2>Nous utilisons des cookies pour :<\/h2>\n<p>&#8211; m\u00e9moriser et traiter les articles dans le panier d&rsquo;achat.<br \/>&#8211; Comprendre et enregistrer les pr\u00e9f\u00e9rences de l&rsquo;utilisateur pour les visites futures.<br \/>&#8211; Assurer le suivi des publicit\u00e9s.<br \/>&#8211; Compiler des donn\u00e9es globales sur le trafic et les interactions sur le site afin d&rsquo;offrir de meilleurs outils et exp\u00e9riences sur le site \u00e0 l&rsquo;avenir.<br \/>Nous pouvons \u00e9galement utiliser des services de tiers de confiance qui suivent ces informations en notre nom.<br \/>Vous pouvez choisir de demander \u00e0 votre ordinateur de vous avertir chaque fois qu&rsquo;un cookie est envoy\u00e9, ou vous pouvez choisir de d\u00e9sactiver tous les cookies. Vous pouvez le faire par le biais des param\u00e8tres de votre navigateur. Chaque navigateur \u00e9tant un peu diff\u00e9rent, consultez le menu d&rsquo;aide de votre navigateur pour conna\u00eetre la bonne fa\u00e7on de modifier vos cookies.<br \/>Si vous d\u00e9sactivez les cookies dans votre navigateur, cela d\u00e9sactivera certaines des fonctionnalit\u00e9s du site.<\/p>\n<h2>Divulgation \u00e0 des tiers<\/h2>\n<p>Nous ne vendons pas, n&rsquo;\u00e9changeons pas et ne transf\u00e9rons pas \u00e0 des tiers vos informations personnellement identifiables, sauf si nous en informons les utilisateurs au pr\u00e9alable. Cela n&rsquo;inclut pas les partenaires d&rsquo;h\u00e9bergement de sites Web et les autres parties qui nous aident \u00e0 exploiter notre site Web, \u00e0 mener nos activit\u00e9s ou \u00e0 servir nos utilisateurs, tant que ces parties acceptent de garder ces informations confidentielles. Nous pouvons \u00e9galement divulguer des informations lorsqu&rsquo;il est appropri\u00e9 de le faire pour se conformer \u00e0 la loi, appliquer les politiques de notre site, ou prot\u00e9ger nos droits, notre propri\u00e9t\u00e9 ou notre s\u00e9curit\u00e9 ou ceux d&rsquo;autres personnes.<br \/>Toutefois, les informations sur les visiteurs non identifiables personnellement peuvent \u00eatre fournies \u00e0 d&rsquo;autres parties \u00e0 des fins de marketing, de publicit\u00e9 ou autres.<\/p>\n<h2>Liens avec des tiers<\/h2>\n<p>Occasionnellement, \u00e0 notre discr\u00e9tion, nous pouvons inclure ou proposer des produits ou services de tiers sur notre site web. Ces sites tiers ont des politiques de confidentialit\u00e9 distinctes et ind\u00e9pendantes. Nous ne sommes donc pas responsables du contenu et des activit\u00e9s de ces sites. N\u00e9anmoins, nous cherchons \u00e0 prot\u00e9ger l&rsquo;int\u00e9grit\u00e9 de notre site et accueillons volontiers tout commentaire sur ces sites.<\/p>\n<h2>Google<\/h2>\n<p>Les exigences de Google en mati\u00e8re de publicit\u00e9 peuvent \u00eatre r\u00e9sum\u00e9es par les principes de publicit\u00e9 de Google. Ils sont mis en place pour offrir une exp\u00e9rience positive aux utilisateurs. https:\/\/support.google.com\/adwordspolicy\/answer\/1316548?hl=en<\/p>\n<h2>Nous utilisons la publicit\u00e9 Google AdSense sur notre site.<\/h2>\n<p>Google, en tant que fournisseur tiers, utilise des cookies pour diffuser des annonces sur notre site. L&rsquo;utilisation du cookie DART par Google lui permet de diffuser des annonces \u00e0 nos utilisateurs en fonction de leurs visites pr\u00e9c\u00e9dentes sur notre site et d&rsquo;autres sites sur Internet. Les utilisateurs peuvent d\u00e9sactiver l&rsquo;utilisation du cookie DART en consultant les r\u00e8gles de confidentialit\u00e9 du R\u00e9seau de contenu et d&rsquo;annonces Google.<br \/>Nous avons mis en place les \u00e9l\u00e9ments suivants :<br \/>&#8211; Marketing avec Google AdSense<br \/>&#8211; Rapports d&rsquo;impression du R\u00e9seau Display de Google<br \/>&#8211; Rapports sur les donn\u00e9es d\u00e9mographiques et les centres d&rsquo;int\u00e9r\u00eat<br \/>&#8211; Int\u00e9gration de la plate-forme DoubleClick<br \/>Nous, ainsi que des fournisseurs tiers tels que Google, utilisons des cookies de premi\u00e8re partie (tels que les cookies Google Analytics) et des cookies de tierce partie (tels que le cookie DoubleClick) ou d&rsquo;autres identifiants de tierce partie pour compiler des donn\u00e9es concernant les interactions des utilisateurs avec les impressions publicitaires et d&rsquo;autres fonctions de services publicitaires en rapport avec notre site Web.<\/p>\n<h2>D\u00e9sactivation :<\/h2>\n<p>Les utilisateurs peuvent d\u00e9finir leurs pr\u00e9f\u00e9rences quant \u00e0 la mani\u00e8re dont Google vous fait de la publicit\u00e9 en utilisant la page Param\u00e8tres des annonces Google. Vous pouvez \u00e9galement d\u00e9sactiver cette option en consultant la page de d\u00e9sactivation du Network Advertising Initiative ou en utilisant le module compl\u00e9mentaire de navigateur pour la d\u00e9sactivation de Google Analytics.<\/p>\n<h2>Loi californienne sur la protection de la vie priv\u00e9e en ligne<\/h2>\n<p>La CalOPPA est la premi\u00e8re loi d&rsquo;\u00c9tat du pays \u00e0 obliger les sites Web commerciaux et les services en ligne \u00e0 publier une politique de confidentialit\u00e9. La port\u00e9e de cette loi s&rsquo;\u00e9tend bien au-del\u00e0 de la Californie, puisqu&rsquo;elle oblige toute personne ou soci\u00e9t\u00e9 aux \u00c9tats-Unis (et dans le monde entier) qui exploite des sites Web recueillant des informations personnellement identifiables aupr\u00e8s de consommateurs californiens \u00e0 publier sur son site Web une politique de confidentialit\u00e9 bien visible indiquant exactement les informations recueillies et les personnes ou soci\u00e9t\u00e9s avec lesquelles elles sont partag\u00e9es. &#8211; Pour en savoir plus : http:\/\/consumercal.org\/california-online-privacy-protection-act-caloppa\/#sthash.0FdRbT51.dpuf<\/p>\n<h2>Selon la CalOPPA, nous acceptons ce qui suit :<\/h2>\n<p>Les utilisateurs peuvent visiter notre site de mani\u00e8re anonyme.<br \/>Une fois la politique de confidentialit\u00e9 cr\u00e9\u00e9e, nous ajouterons un lien vers celle-ci sur notre page d&rsquo;accueil ou, au minimum, sur la premi\u00e8re page apr\u00e8s avoir acc\u00e9d\u00e9 \u00e0 notre site.<br \/>Le lien vers notre politique de confidentialit\u00e9 comprend le mot \u00ab\u00a0Confidentialit\u00e9\u00a0\u00bb et peut facilement \u00eatre trouv\u00e9 sur la page sp\u00e9cifi\u00e9e ci-dessus ou plus significativement dans le coin inf\u00e9rieur droit du site.<br \/>Vous serez inform\u00e9 de toute modification de la politique de confidentialit\u00e9 :<br \/>&#8211; Sur notre page de politique de confidentialit\u00e9<br \/>Vous pouvez modifier vos informations personnelles :<br \/>&#8211; en nous envoyant un courrier \u00e9lectronique (nous restons principalement en contact avec nos clients \/ utilisateurs par le biais de courriers \u00e9lectroniques)<br \/>&#8211; En nous appelant<br \/>&#8211; En discutant avec nous ou en nous envoyant un ticket d&rsquo;assistance (si disponible).<\/p>\n<h2>Comment notre site traite-t-il les signaux \u00ab\u00a0Do Not Track\u00a0\u00bb ?<\/h2>\n<p>Nous respectons les signaux \u00ab\u00a0Do Not Track\u00a0\u00bb et ne suivons pas, ne pla\u00e7ons pas de cookies ou n&rsquo;utilisons pas de publicit\u00e9 lorsqu&rsquo;un m\u00e9canisme de navigateur \u00ab\u00a0Do Not Track\u00a0\u00bb (DNT) est en place.<br \/>Notre site autorise-t-il le suivi comportemental par des tiers ?<br \/>Il est \u00e9galement important de noter que nous autorisons le suivi comportemental par des tiers.<\/p>\n<h2>COPPA (loi sur la protection de la vie priv\u00e9e des enfants en ligne)<\/h2>\n<p>Lorsqu&rsquo;il s&rsquo;agit de la collecte d&rsquo;informations personnelles aupr\u00e8s d&rsquo;enfants de moins de 13 ans, la loi sur la protection de la vie priv\u00e9e des enfants en ligne (COPPA) donne le contr\u00f4le aux parents. La Federal Trade Commission, l&rsquo;agence de protection des consommateurs des \u00c9tats-Unis, applique la r\u00e8gle COPPA, qui pr\u00e9cise ce que les op\u00e9rateurs de sites Web et de services en ligne doivent faire pour prot\u00e9ger la vie priv\u00e9e et la s\u00e9curit\u00e9 des enfants en ligne.<br \/>Nous ne commercialisons pas aupr\u00e8s des enfants de moins de 13 ans.<\/p>\n<h2>Pratiques \u00e9quitables en mati\u00e8re d&rsquo;information<\/h2>\n<p>Les principes de pratiques d&rsquo;information \u00e9quitables constituent l&rsquo;\u00e9pine dorsale de la l\u00e9gislation sur la protection de la vie priv\u00e9e aux \u00c9tats-Unis et les concepts qu&rsquo;ils incluent ont jou\u00e9 un r\u00f4le important dans le d\u00e9veloppement des lois sur la protection des donn\u00e9es dans le monde entier. Il est essentiel de comprendre les principes de pratiques \u00e9quitables en mati\u00e8re d&rsquo;information et la mani\u00e8re dont ils doivent \u00eatre mis en \u0153uvre pour se conformer aux diverses lois sur la vie priv\u00e9e qui prot\u00e8gent les informations personnelles.<br \/>Afin d&rsquo;\u00eatre en conformit\u00e9 avec les principes des pratiques \u00e9quitables en mati\u00e8re d&rsquo;information, nous prendrons les mesures suivantes en cas de violation des donn\u00e9es :<br \/>Nous vous informerons par e-mail<br \/>&#8211; dans un d\u00e9lai de 7 jours ouvrables<br \/>Nous informerons les utilisateurs par une notification sur site<br \/>&#8211; Dans un d\u00e9lai de 7 jours ouvrables<br \/>Nous acceptons \u00e9galement le principe de recours individuel qui exige que les individus aient le droit de faire valoir des droits ex\u00e9cutoires contre les collecteurs et les processeurs de donn\u00e9es qui ne respectent pas la loi. Ce principe exige non seulement que les individus aient des droits ex\u00e9cutoires contre les utilisateurs de donn\u00e9es, mais aussi que les individus aient recours aux tribunaux ou aux agences gouvernementales pour enqu\u00eater et\/ou engager des poursuites en cas de non-conformit\u00e9 des processeurs de donn\u00e9es.<\/p>\n<h2>Loi CAN-SPAM<\/h2>\n<p>La loi CAN-SPAM est une loi qui fixe les r\u00e8gles applicables aux courriers \u00e9lectroniques commerciaux, \u00e9tablit des exigences pour les messages commerciaux, donne aux destinataires le droit de faire cesser l&rsquo;envoi de courriers \u00e9lectroniques et pr\u00e9voit des sanctions s\u00e9v\u00e8res en cas de violation.<\/p>\n<h2>Nous recueillons votre adresse \u00e9lectronique afin de :<\/h2>\n<p>&#8211; Envoyer des informations, r\u00e9pondre \u00e0 des demandes de renseignements et\/ou \u00e0 d&rsquo;autres demandes ou questions.<br \/>&#8211; Traiter les commandes et envoyer des informations et des mises \u00e0 jour concernant les commandes.<br \/>&#8211; vous envoyer des informations suppl\u00e9mentaires relatives \u00e0 votre produit et\/ou service<br \/>&#8211; Ajouter \u00e0 notre liste de diffusion ou continuer \u00e0 envoyer des courriels \u00e0 nos clients apr\u00e8s la transaction initiale.<br \/>Pour \u00eatre en conformit\u00e9 avec CANSPAM, nous acceptons ce qui suit :<br \/>&#8211; Ne pas utiliser de sujets ou d&rsquo;adresses \u00e9lectroniques faux ou trompeurs.<br \/>&#8211; Identifier le message comme une publicit\u00e9 d&rsquo;une mani\u00e8re raisonnable.<br \/>&#8211; Inclure l&rsquo;adresse physique du si\u00e8ge de notre entreprise ou de notre site.<br \/>&#8211; Contr\u00f4ler la conformit\u00e9 des services de marketing par courriel de tiers, si nous en utilisons.<br \/>&#8211; Acc\u00e9der rapidement aux demandes de d\u00e9sinscription.<br \/>&#8211; Permettre aux utilisateurs de se d\u00e9sabonner en utilisant le lien figurant au bas de chaque courriel.<br \/>Si, \u00e0 tout moment, vous souhaitez vous d\u00e9sabonner de la r\u00e9ception de futurs courriels, vous pouvez nous envoyer un courriel \u00e0 l&rsquo;adresse contact@multidimension.fr et nous vous retirerons rapidement de toute correspondance.<\/p>\n<p>Enregistrement de la soci\u00e9t\u00e9<br \/>N\u00b0 SIRET : 53311870900039<br \/>N\u00b0 TVA Intracommunautaire : FR60533118709<\/p>\n<h2>Pour nous contacter<\/h2>\n<p>Pour toute question concernant la politique de confidentialit\u00e9, vous pouvez nous envoyer un courriel \u00e0 l\u2019adresse contact@multidimension.fr<\/p>\n<p>[\/et_pb_text][\/et_pb_column][\/et_pb_row][\/et_pb_section]<\/p>\n","protected":false},"excerpt":{"rendered":"<p>Politique de confidentialit\u00e9 \u00a0A propos de la politique de confidentialit\u00e9 de \u00ab\u00a0multidimension.fr\u00a0\u00bb et de tous ses sites jumeaux li\u00e9s au r\u00e9seau Multidimension :multidimensionmagazine.commultidimensionparis.commultidimension.comultia2z.comyupjobs.netmultibutic.com Le lien web multidimensionparis.com\u00a0 d\u00e9crit comment \u00ab\u00a0Multidimension\u00a0\u00bb, \u00ab\u00a0Nous\u00a0\u00bb ou \u00ab\u00a0Site\u00a0\u00bb ou \u00ab\u00a0Site Web\u00a0\u00bb, le propri\u00e9taire et l&rsquo;exploitant du site web multidimensionparis.com\u00a0utilise et prot\u00e8ge les \u00ab\u00a0donn\u00e9es personnelles\u00a0\u00bb que vous fournissez lorsque vous l\u2019utilisez. [&hellip;]<\/p>\n","protected":false},"author":1,"featured_media":0,"parent":0,"menu_order":0,"comment_status":"closed","ping_status":"open","template":"","meta":{"_et_pb_use_builder":"on","_et_pb_old_content":"","_et_gb_content_width":""},"_links":{"self":[{"href":"https:\/\/multidimension.fr\/fr\/wp-json\/wp\/v2\/pages\/677"}],"collection":[{"href":"https:\/\/multidimension.fr\/fr\/wp-json\/wp\/v2\/pages"}],"about":[{"href":"https:\/\/multidimension.fr\/fr\/wp-json\/wp\/v2\/types\/page"}],"author":[{"embeddable":true,"href":"https:\/\/multidimension.fr\/fr\/wp-json\/wp\/v2\/users\/1"}],"replies":[{"embeddable":true,"href":"https:\/\/multidimension.fr\/fr\/wp-json\/wp\/v2\/comments?post=677"}],"version-history":[{"count":4,"href":"https:\/\/multidimension.fr\/fr\/wp-json\/wp\/v2\/pages\/677\/revisions"}],"predecessor-version":[{"id":979,"href":"https:\/\/multidimension.fr\/fr\/wp-json\/wp\/v2\/pages\/677\/revisions\/979"}],"wp:attachment":[{"href":"https:\/\/multidimension.fr\/fr\/wp-json\/wp\/v2\/media?parent=677"}],"curies":[{"name":"wp","href":"https:\/\/api.w.org\/{rel}","templated":true}]}}