{"id":486,"date":"2022-07-14T19:56:44","date_gmt":"2022-07-14T19:56:44","guid":{"rendered":"https:\/\/multidimension.fr\/yupjobs\/"},"modified":"2023-10-04T22:36:22","modified_gmt":"2023-10-04T22:36:22","slug":"yupjobs","status":"publish","type":"page","link":"https:\/\/multidimension.fr\/fr\/yupjobs\/","title":{"rendered":"Yupjobs"},"content":{"rendered":"<p>[et_pb_section fb_built=\u00a0\u00bb1&Prime; _builder_version=\u00a0\u00bb4.17.6&Prime; _module_preset=\u00a0\u00bbdefault\u00a0\u00bb custom_padding=\u00a0\u00bb||3px|||\u00a0\u00bb global_colors_info=\u00a0\u00bb{}\u00a0\u00bb][et_pb_row _builder_version=\u00a0\u00bb4.17.6&Prime; _module_preset=\u00a0\u00bbdefault\u00a0\u00bb custom_margin_tablet=\u00a0\u00bb\u00a0\u00bb custom_margin_phone=\u00a0\u00bb-55px||-55px||true|false\u00a0\u00bb custom_margin_last_edited=\u00a0\u00bbon|phone\u00a0\u00bb global_colors_info=\u00a0\u00bb{}\u00a0\u00bb][et_pb_column type=\u00a0\u00bb4_4&Prime; _builder_version=\u00a0\u00bb4.17.6&Prime; _module_preset=\u00a0\u00bbdefault\u00a0\u00bb global_colors_info=\u00a0\u00bb{}\u00a0\u00bb][et_pb_text _builder_version=\u00a0\u00bb4.17.6&Prime; _module_preset=\u00a0\u00bbdefault\u00a0\u00bb header_font=\u00a0\u00bbArial|700||on|||||\u00a0\u00bb header_text_align=\u00a0\u00bbcenter\u00a0\u00bb header_text_color=\u00a0\u00bb#0C71C3&Prime; header_line_height=\u00a0\u00bb1.2em\u00a0\u00bb header_font_size_tablet=\u00a0\u00bb\u00a0\u00bb header_font_size_phone=\u00a0\u00bb24px\u00a0\u00bb header_font_size_last_edited=\u00a0\u00bbon|phone\u00a0\u00bb global_colors_info=\u00a0\u00bb{}\u00a0\u00bb]<\/p>\n<h1>Travaillez en freelance ou trouvez-en un avec aise<\/h1>\n<p>[\/et_pb_text][\/et_pb_column][\/et_pb_row][et_pb_row column_structure=\u00a0\u00bb1_2,1_2&Prime; use_custom_gutter=\u00a0\u00bbon\u00a0\u00bb _builder_version=\u00a0\u00bb4.17.6&Prime; _module_preset=\u00a0\u00bbdefault\u00a0\u00bb width=\u00a0\u00bb100%\u00a0\u00bb max_width=\u00a0\u00bb1250px\u00a0\u00bb global_colors_info=\u00a0\u00bb{}\u00a0\u00bb][et_pb_column type=\u00a0\u00bb1_2&Prime; _builder_version=\u00a0\u00bb4.17.6&Prime; _module_preset=\u00a0\u00bbdefault\u00a0\u00bb global_colors_info=\u00a0\u00bb{}\u00a0\u00bb][et_pb_image src=\u00a0\u00bbhttps:\/\/multidimension.fr\/wp-content\/uploads\/2022\/07\/jip.gif\u00a0\u00bb title_text=\u00a0\u00bbjip\u00a0\u00bb _builder_version=\u00a0\u00bb4.17.6&Prime; _module_preset=\u00a0\u00bbdefault\u00a0\u00bb global_colors_info=\u00a0\u00bb{}\u00a0\u00bb][\/et_pb_image][\/et_pb_column][et_pb_column type=\u00a0\u00bb1_2&Prime; _builder_version=\u00a0\u00bb4.17.6&Prime; _module_preset=\u00a0\u00bbdefault\u00a0\u00bb global_colors_info=\u00a0\u00bb{}\u00a0\u00bb][et_pb_text _builder_version=\u00a0\u00bb4.22.2&Prime; _module_preset=\u00a0\u00bbdefault\u00a0\u00bb text_font=\u00a0\u00bbArial||||||||\u00a0\u00bb text_text_color=\u00a0\u00bb#000000&Prime; text_font_size=\u00a0\u00bb18px\u00a0\u00bb text_line_height=\u00a0\u00bb1.8em\u00a0\u00bb text_orientation=\u00a0\u00bbjustified\u00a0\u00bb custom_margin=\u00a0\u00bb-32px|||||true\u00a0\u00bb custom_margin_tablet=\u00a0\u00bb-32px|||||true\u00a0\u00bb custom_margin_phone=\u00a0\u00bb-10px|38px||38px|false|true\u00a0\u00bb custom_margin_last_edited=\u00a0\u00bbon|phone\u00a0\u00bb hover_enabled=\u00a0\u00bb0&Prime; text_font_size_tablet=\u00a0\u00bb18px\u00a0\u00bb text_font_size_phone=\u00a0\u00bb16px\u00a0\u00bb text_font_size_last_edited=\u00a0\u00bbon|phone\u00a0\u00bb global_colors_info=\u00a0\u00bb{}\u00a0\u00bb sticky_enabled=\u00a0\u00bb0&Prime;]YupJobs est un service combin\u00e9 de publication d&rsquo;offres d&#8217;emploi et de recherche en ligne pour les ind\u00e9pendants, les entreprises et les clients qui souhaitent s&rsquo;engager dans un travail contractuel d&rsquo;une mani\u00e8re simple et efficace.<\/p>\n<p>La plate-forme offre un moyen de payer en toute s\u00e9curit\u00e9 pour le travail via un syst\u00e8me de s\u00e9questre, YupJobs conservera les fonds pendant que le travail est effectu\u00e9.<\/p>\n<p>Cela offre une tranquillit\u00e9 d&rsquo;esprit tant aux clients qu&rsquo;aux travailleurs puisque les fonds pour les travaux en cours sont pr\u00e9pay\u00e9s et g\u00e9r\u00e9s par la plateforme.<\/p>\n<p>Nous offrons un service de r\u00e8glement des diff\u00e9rends en cas de non-respect de l&rsquo;accord par l&rsquo;une des parties.<\/p>\n<p><a href=\"https:\/\/app.yupjobs.net\/\" target=\"_blank\" rel=\"noopener\">Les inscriptions sont d\u00e9sormais ouvertes.<\/a><\/p>\n<p>Passez une bonne journ\u00e9e![\/et_pb_text][et_pb_button button_url=\u00a0\u00bbhttps:\/\/yupjobs.net\/\u00a0\u00bb url_new_window=\u00a0\u00bbon\u00a0\u00bb button_text=\u00a0\u00bbS\u2019inscrire maintenant\u00a0\u00bb button_alignment_tablet=\u00a0\u00bb\u00a0\u00bb button_alignment_phone=\u00a0\u00bbcenter\u00a0\u00bb button_alignment_last_edited=\u00a0\u00bbon|phone\u00a0\u00bb _builder_version=\u00a0\u00bb4.17.6&Prime; _module_preset=\u00a0\u00bbdefault\u00a0\u00bb custom_button=\u00a0\u00bbon\u00a0\u00bb button_text_color=\u00a0\u00bb#000000&Prime; button_border_radius=\u00a0\u00bb16px\u00a0\u00bb button_text_size_tablet=\u00a0\u00bb\u00a0\u00bb button_text_size_phone=\u00a0\u00bb16px\u00a0\u00bb button_text_size_last_edited=\u00a0\u00bbon|phone\u00a0\u00bb global_colors_info=\u00a0\u00bb{}\u00a0\u00bb][\/et_pb_button][\/et_pb_column][\/et_pb_row][\/et_pb_section]<\/p>\n","protected":false},"excerpt":{"rendered":"<p>Travaillez en freelance ou trouvez-en un avec aiseYupJobs est un service combin\u00e9 de publication d&rsquo;offres d&#8217;emploi et de recherche en ligne pour les ind\u00e9pendants, les entreprises et les clients qui souhaitent s&rsquo;engager dans un travail contractuel d&rsquo;une mani\u00e8re simple et efficace. La plate-forme offre un moyen de payer en toute s\u00e9curit\u00e9 pour le travail via [&hellip;]<\/p>\n","protected":false},"author":1,"featured_media":0,"parent":0,"menu_order":0,"comment_status":"closed","ping_status":"closed","template":"","meta":{"_et_pb_use_builder":"on","_et_pb_old_content":"","_et_gb_content_width":""},"_links":{"self":[{"href":"https:\/\/multidimension.fr\/fr\/wp-json\/wp\/v2\/pages\/486"}],"collection":[{"href":"https:\/\/multidimension.fr\/fr\/wp-json\/wp\/v2\/pages"}],"about":[{"href":"https:\/\/multidimension.fr\/fr\/wp-json\/wp\/v2\/types\/page"}],"author":[{"embeddable":true,"href":"https:\/\/multidimension.fr\/fr\/wp-json\/wp\/v2\/users\/1"}],"replies":[{"embeddable":true,"href":"https:\/\/multidimension.fr\/fr\/wp-json\/wp\/v2\/comments?post=486"}],"version-history":[{"count":6,"href":"https:\/\/multidimension.fr\/fr\/wp-json\/wp\/v2\/pages\/486\/revisions"}],"predecessor-version":[{"id":1114,"href":"https:\/\/multidimension.fr\/fr\/wp-json\/wp\/v2\/pages\/486\/revisions\/1114"}],"wp:attachment":[{"href":"https:\/\/multidimension.fr\/fr\/wp-json\/wp\/v2\/media?parent=486"}],"curies":[{"name":"wp","href":"https:\/\/api.w.org\/{rel}","templated":true}]}}